{"id":9037,"date":"2022-04-08T08:38:06","date_gmt":"2022-04-08T08:38:06","guid":{"rendered":"https:\/\/mam-digital.ch\/sc\/?page_id=9037"},"modified":"2022-11-02T04:35:21","modified_gmt":"2022-11-02T04:35:21","slug":"about-swiss-camps","status":"publish","type":"page","link":"https:\/\/swiss-camps.com\/pt\/sobre-swiss-camps\/","title":{"rendered":"sobre acampamentos su\u00ed\u00e7os"},"content":{"rendered":"<div data-elementor-type=\"wp-page\" data-elementor-id=\"9037\" class=\"elementor elementor-9037\" data-elementor-post-type=\"page\">\n\t\t\t\t\t\t<section class=\"elementor-section elementor-top-section elementor-element elementor-element-148f0434 elementor-section-boxed elementor-section-height-default elementor-section-height-default\" data-id=\"148f0434\" data-element_type=\"section\" data-e-type=\"section\" data-settings=\"{&quot;background_background&quot;:&quot;classic&quot;,&quot;jet_parallax_layout_list&quot;:[]}\">\n\t\t\t\t\t\t\t<div class=\"elementor-background-overlay\"><\/div>\n\t\t\t\t\t\t\t<div class=\"elementor-container elementor-column-gap-no\">\n\t\t\t\t\t<div class=\"elementor-column elementor-col-100 elementor-top-column elementor-element elementor-element-4e12890e\" data-id=\"4e12890e\" data-element_type=\"column\" data-e-type=\"column\">\n\t\t\t<div class=\"elementor-widget-wrap elementor-element-populated\">\n\t\t\t\t\t\t<div class=\"elementor-element elementor-element-270923f9 elementor-widget elementor-widget-heading\" data-id=\"270923f9\" data-element_type=\"widget\" data-e-type=\"widget\" data-widget_type=\"heading.default\">\n\t\t\t\t<div class=\"elementor-widget-container\">\n\t\t\t\t\t<h1 class=\"elementor-heading-title elementor-size-default\">Sobre n\u00f3s<\/h1>\t\t\t\t<\/div>\n\t\t\t\t<\/div>\n\t\t\t\t\t<\/div>\n\t\t<\/div>\n\t\t\t\t\t<\/div>\n\t\t<\/section>\n\t\t\t\t<section class=\"elementor-section elementor-top-section elementor-element elementor-element-6caa48fa elementor-section-boxed elementor-section-height-default elementor-section-height-default\" data-id=\"6caa48fa\" data-element_type=\"section\" data-e-type=\"section\" data-settings=\"{&quot;background_background&quot;:&quot;classic&quot;,&quot;jet_parallax_layout_list&quot;:[]}\">\n\t\t\t\t\t\t\t<div class=\"elementor-background-overlay\"><\/div>\n\t\t\t\t\t\t\t<div class=\"elementor-container elementor-column-gap-no\">\n\t\t\t\t\t<div class=\"elementor-column elementor-col-100 elementor-top-column elementor-element elementor-element-53c649e4\" data-id=\"53c649e4\" data-element_type=\"column\" data-e-type=\"column\">\n\t\t\t<div class=\"elementor-widget-wrap elementor-element-populated\">\n\t\t\t\t\t\t<section class=\"elementor-section elementor-inner-section elementor-element elementor-element-78c577eb elementor-section-boxed elementor-section-height-default elementor-section-height-default\" data-id=\"78c577eb\" data-element_type=\"section\" data-e-type=\"section\" data-settings=\"{&quot;jet_parallax_layout_list&quot;:[]}\">\n\t\t\t\t\t\t<div class=\"elementor-container elementor-column-gap-no\">\n\t\t\t\t\t<div class=\"elementor-column elementor-col-50 elementor-inner-column elementor-element elementor-element-460d3941\" data-id=\"460d3941\" data-element_type=\"column\" data-e-type=\"column\">\n\t\t\t<div class=\"elementor-widget-wrap elementor-element-populated\">\n\t\t\t\t\t\t<section class=\"elementor-section elementor-inner-section elementor-element elementor-element-1e21f81f elementor-section-content-middle elementor-section-boxed elementor-section-height-default elementor-section-height-default\" data-id=\"1e21f81f\" data-element_type=\"section\" data-e-type=\"section\" data-settings=\"{&quot;jet_parallax_layout_list&quot;:[]}\">\n\t\t\t\t\t\t<div class=\"elementor-container elementor-column-gap-no\">\n\t\t\t\t\t<div class=\"elementor-column elementor-col-50 elementor-inner-column elementor-element elementor-element-30144b16\" data-id=\"30144b16\" data-element_type=\"column\" data-e-type=\"column\">\n\t\t\t<div class=\"elementor-widget-wrap elementor-element-populated\">\n\t\t\t\t\t\t<div class=\"elementor-element elementor-element-53095725 elementor-widget-divider--view-line_icon elementor-widget-divider--element-align-right elementor-view-default elementor-widget elementor-widget-divider\" data-id=\"53095725\" data-element_type=\"widget\" data-e-type=\"widget\" data-widget_type=\"divider.default\">\n\t\t\t\t<div class=\"elementor-widget-container\">\n\t\t\t\t\t\t\t<div class=\"elementor-divider\">\n\t\t\t<span class=\"elementor-divider-separator\">\n\t\t\t\t\t\t\t<div class=\"elementor-icon elementor-divider__element\">\n\t\t\t\t\t<\/div>\n\t\t\t\t\t\t<\/span>\n\t\t<\/div>\n\t\t\t\t\t\t<\/div>\n\t\t\t\t<\/div>\n\t\t\t\t\t<\/div>\n\t\t<\/div>\n\t\t\t\t<div class=\"elementor-column elementor-col-50 elementor-inner-column elementor-element elementor-element-5e5bd7db\" data-id=\"5e5bd7db\" data-element_type=\"column\" data-e-type=\"column\">\n\t\t\t<div class=\"elementor-widget-wrap elementor-element-populated\">\n\t\t\t\t\t\t<div class=\"elementor-element elementor-element-5bfb105e elementor-widget elementor-widget-heading\" data-id=\"5bfb105e\" data-element_type=\"widget\" data-e-type=\"widget\" data-widget_type=\"heading.default\">\n\t\t\t\t<div class=\"elementor-widget-container\">\n\t\t\t\t\t<h6 class=\"elementor-heading-title elementor-size-default\">Nossa empresa<\/h6>\t\t\t\t<\/div>\n\t\t\t\t<\/div>\n\t\t\t\t\t<\/div>\n\t\t<\/div>\n\t\t\t\t\t<\/div>\n\t\t<\/section>\n\t\t\t\t<div class=\"elementor-element elementor-element-2ef88f61 elementor-widget elementor-widget-heading\" data-id=\"2ef88f61\" data-element_type=\"widget\" data-e-type=\"widget\" data-widget_type=\"heading.default\">\n\t\t\t\t<div class=\"elementor-widget-container\">\n\t\t\t\t\t<h2 class=\"elementor-heading-title elementor-size-default\">Swiss Camps \u00e9 dedicado a promover acampamentos de ver\u00e3o e inverno na Su\u00ed\u00e7a.<\/h2>\t\t\t\t<\/div>\n\t\t\t\t<\/div>\n\t\t\t\t\t<\/div>\n\t\t<\/div>\n\t\t\t\t<div class=\"elementor-column elementor-col-50 elementor-inner-column elementor-element elementor-element-1f8d2b27\" data-id=\"1f8d2b27\" data-element_type=\"column\" data-e-type=\"column\">\n\t\t\t<div class=\"elementor-widget-wrap elementor-element-populated\">\n\t\t\t\t\t\t<div class=\"elementor-element elementor-element-4bd93f49 elementor-widget elementor-widget-text-editor\" data-id=\"4bd93f49\" data-element_type=\"widget\" data-e-type=\"widget\" data-widget_type=\"text-editor.default\">\n\t\t\t\t<div class=\"elementor-widget-container\">\n\t\t\t\t\t\t\t\t\t<p>Swiss Camps \u00e9 uma filial da Swiss Learning e se dedica a promover acampamentos de ver\u00e3o e inverno na Su\u00ed\u00e7a.<\/p><p>A Swiss Learning foi fundada em 2006 por um grupo de prestigiadas escolas su\u00ed\u00e7as que t\u00eam uma longa tradi\u00e7\u00e3o de excel\u00eancia educacional e experi\u00eancia no fornecimento de educa\u00e7\u00e3o e internato. Nossa miss\u00e3o \u00e9 apresentar estabelecimentos secund\u00e1rios, universit\u00e1rios e profissionais que possam garantir a excel\u00eancia da educa\u00e7\u00e3o su\u00ed\u00e7a. Tamb\u00e9m trabalhamos para manter o v\u00ednculo entre os ex-alunos e a Su\u00ed\u00e7a.<\/p><p><span style=\"color: #e61c1c;\"><a style=\"color: #e61c1c;\" href=\"https:\/\/www.swisslearning.com\/\" target=\"_blank\" rel=\"nofollow noopener\">WWW.SWISSLEARNING.COM<\/a><\/span><\/p><div>\u00a0<\/div>\t\t\t\t\t\t\t\t<\/div>\n\t\t\t\t<\/div>\n\t\t\t\t\t<\/div>\n\t\t<\/div>\n\t\t\t\t\t<\/div>\n\t\t<\/section>\n\t\t\t\t\t<\/div>\n\t\t<\/div>\n\t\t\t\t\t<\/div>\n\t\t<\/section>\n\t\t\t\t<\/div>","protected":false},"excerpt":{"rendered":"<p>About us OUR company Swiss Camps is dedicated to promoting summer and winter camps in Switzerland. Swiss Camps\u00a0is a branch of\u00a0Swiss Learning\u00a0and is dedicated to promoting\u00a0summer and winter camps in Switzerland. Swiss Learning was\u00a0founded in 2006\u00a0by a group of\u00a0prestigious Swiss schools\u00a0who have a long tradition of\u00a0educational excellence\u00a0and experience in providing education and boarding facilities. Our [&hellip;]<\/p>\n","protected":false},"author":1,"featured_media":0,"parent":0,"menu_order":0,"comment_status":"closed","ping_status":"closed","template":"","meta":{"_jet_sm_ready_style":"","_jet_sm_style":"","_jet_sm_controls_values":"","_jet_sm_fonts_collection":"","_jet_sm_fonts_links":"","footnotes":""},"class_list":["post-9037","page","type-page","status-publish","hentry"],"yoast_head":"<!-- This site is optimized with the Yoast SEO plugin v27.3 - https:\/\/yoast.com\/product\/yoast-seo-wordpress\/ -->\n<title>about Swiss camps - Swiss Camps<\/title>\n<meta name=\"robots\" content=\"index, follow, max-snippet:-1, max-image-preview:large, max-video-preview:-1\" \/>\n<link rel=\"canonical\" href=\"https:\/\/swiss-camps.com\/pt\/sobre-swiss-camps\/\" \/>\n<meta property=\"og:locale\" content=\"pt_BR\" \/>\n<meta property=\"og:type\" content=\"article\" \/>\n<meta property=\"og:title\" content=\"about Swiss camps - Swiss Camps\" \/>\n<meta property=\"og:description\" content=\"About us OUR company Swiss Camps is dedicated to promoting summer and winter camps in Switzerland. Swiss Camps\u00a0is a branch of\u00a0Swiss Learning\u00a0and is dedicated to promoting\u00a0summer and winter camps in Switzerland. Swiss Learning was\u00a0founded in 2006\u00a0by a group of\u00a0prestigious Swiss schools\u00a0who have a long tradition of\u00a0educational excellence\u00a0and experience in providing education and boarding facilities. Our [&hellip;]\" \/>\n<meta property=\"og:url\" content=\"https:\/\/swiss-camps.com\/pt\/sobre-swiss-camps\/\" \/>\n<meta property=\"og:site_name\" content=\"Swiss Camps\" \/>\n<meta property=\"article:modified_time\" content=\"2022-11-02T04:35:21+00:00\" \/>\n<meta name=\"twitter:card\" content=\"summary_large_image\" \/>\n<meta name=\"twitter:label1\" content=\"Est. tempo de leitura\" \/>\n\t<meta name=\"twitter:data1\" content=\"1 minuto\" \/>\n<script type=\"application\/ld+json\" class=\"yoast-schema-graph\">{\"@context\":\"https:\\\/\\\/schema.org\",\"@graph\":[{\"@type\":\"WebPage\",\"@id\":\"https:\\\/\\\/swiss-camps.com\\\/about-swiss-camps\\\/\",\"url\":\"https:\\\/\\\/swiss-camps.com\\\/about-swiss-camps\\\/\",\"name\":\"about Swiss camps - Swiss Camps\",\"isPartOf\":{\"@id\":\"https:\\\/\\\/swiss-camps.com\\\/#website\"},\"datePublished\":\"2022-04-08T08:38:06+00:00\",\"dateModified\":\"2022-11-02T04:35:21+00:00\",\"breadcrumb\":{\"@id\":\"https:\\\/\\\/swiss-camps.com\\\/about-swiss-camps\\\/#breadcrumb\"},\"inLanguage\":\"pt-BR\",\"potentialAction\":[{\"@type\":\"ReadAction\",\"target\":[\"https:\\\/\\\/swiss-camps.com\\\/about-swiss-camps\\\/\"]}]},{\"@type\":\"BreadcrumbList\",\"@id\":\"https:\\\/\\\/swiss-camps.com\\\/about-swiss-camps\\\/#breadcrumb\",\"itemListElement\":[{\"@type\":\"ListItem\",\"position\":1,\"name\":\"Accueil\",\"item\":\"https:\\\/\\\/swiss-camps.com\\\/\"},{\"@type\":\"ListItem\",\"position\":2,\"name\":\"about Swiss camps\"}]},{\"@type\":\"WebSite\",\"@id\":\"https:\\\/\\\/swiss-camps.com\\\/#website\",\"url\":\"https:\\\/\\\/swiss-camps.com\\\/\",\"name\":\"Swiss Camps\",\"description\":\"Camps in Switzerland\",\"publisher\":{\"@id\":\"https:\\\/\\\/swiss-camps.com\\\/#organization\"},\"potentialAction\":[{\"@type\":\"SearchAction\",\"target\":{\"@type\":\"EntryPoint\",\"urlTemplate\":\"https:\\\/\\\/swiss-camps.com\\\/?s={search_term_string}\"},\"query-input\":{\"@type\":\"PropertyValueSpecification\",\"valueRequired\":true,\"valueName\":\"search_term_string\"}}],\"inLanguage\":\"pt-BR\"},{\"@type\":\"Organization\",\"@id\":\"https:\\\/\\\/swiss-camps.com\\\/#organization\",\"name\":\"Swiss Camps\",\"url\":\"https:\\\/\\\/swiss-camps.com\\\/\",\"logo\":{\"@type\":\"ImageObject\",\"inLanguage\":\"pt-BR\",\"@id\":\"https:\\\/\\\/swiss-camps.com\\\/#\\\/schema\\\/logo\\\/image\\\/\",\"url\":\"https:\\\/\\\/swiss-camps.com\\\/wp-content\\\/uploads\\\/2022\\\/03\\\/swiss-camp-logo_red.svg\",\"contentUrl\":\"https:\\\/\\\/swiss-camps.com\\\/wp-content\\\/uploads\\\/2022\\\/03\\\/swiss-camp-logo_red.svg\",\"width\":206,\"height\":46,\"caption\":\"Swiss Camps\"},\"image\":{\"@id\":\"https:\\\/\\\/swiss-camps.com\\\/#\\\/schema\\\/logo\\\/image\\\/\"}}]}<\/script>\n<!-- \/ Yoast SEO plugin. -->","yoast_head_json":{"title":"sobre acampamentos su\u00ed\u00e7os - Swiss Camps","robots":{"index":"index","follow":"follow","max-snippet":"max-snippet:-1","max-image-preview":"max-image-preview:large","max-video-preview":"max-video-preview:-1"},"canonical":"https:\/\/swiss-camps.com\/pt\/sobre-swiss-camps\/","og_locale":"pt_BR","og_type":"article","og_title":"about Swiss camps - Swiss Camps","og_description":"About us OUR company Swiss Camps is dedicated to promoting summer and winter camps in Switzerland. Swiss Camps\u00a0is a branch of\u00a0Swiss Learning\u00a0and is dedicated to promoting\u00a0summer and winter camps in Switzerland. Swiss Learning was\u00a0founded in 2006\u00a0by a group of\u00a0prestigious Swiss schools\u00a0who have a long tradition of\u00a0educational excellence\u00a0and experience in providing education and boarding facilities. Our [&hellip;]","og_url":"https:\/\/swiss-camps.com\/pt\/sobre-swiss-camps\/","og_site_name":"Swiss Camps","article_modified_time":"2022-11-02T04:35:21+00:00","twitter_card":"summary_large_image","twitter_misc":{"Est. tempo de leitura":"1 minuto"},"schema":{"@context":"https:\/\/schema.org","@graph":[{"@type":"WebPage","@id":"https:\/\/swiss-camps.com\/about-swiss-camps\/","url":"https:\/\/swiss-camps.com\/about-swiss-camps\/","name":"sobre acampamentos su\u00ed\u00e7os - Swiss Camps","isPartOf":{"@id":"https:\/\/swiss-camps.com\/#website"},"datePublished":"2022-04-08T08:38:06+00:00","dateModified":"2022-11-02T04:35:21+00:00","breadcrumb":{"@id":"https:\/\/swiss-camps.com\/about-swiss-camps\/#breadcrumb"},"inLanguage":"pt-BR","potentialAction":[{"@type":"ReadAction","target":["https:\/\/swiss-camps.com\/about-swiss-camps\/"]}]},{"@type":"BreadcrumbList","@id":"https:\/\/swiss-camps.com\/about-swiss-camps\/#breadcrumb","itemListElement":[{"@type":"ListItem","position":1,"name":"Accueil","item":"https:\/\/swiss-camps.com\/"},{"@type":"ListItem","position":2,"name":"about Swiss camps"}]},{"@type":"WebSite","@id":"https:\/\/swiss-camps.com\/#website","url":"https:\/\/swiss-camps.com\/","name":"Acampamentos su\u00ed\u00e7os","description":"Acampamentos na Su\u00ed\u00e7a","publisher":{"@id":"https:\/\/swiss-camps.com\/#organization"},"potentialAction":[{"@type":"SearchAction","target":{"@type":"EntryPoint","urlTemplate":"https:\/\/swiss-camps.com\/?s={search_term_string}"},"query-input":{"@type":"PropertyValueSpecification","valueRequired":true,"valueName":"search_term_string"}}],"inLanguage":"pt-BR"},{"@type":"Organization","@id":"https:\/\/swiss-camps.com\/#organization","name":"Acampamentos su\u00ed\u00e7os","url":"https:\/\/swiss-camps.com\/","logo":{"@type":"ImageObject","inLanguage":"pt-BR","@id":"https:\/\/swiss-camps.com\/#\/schema\/logo\/image\/","url":"https:\/\/swiss-camps.com\/wp-content\/uploads\/2022\/03\/swiss-camp-logo_red.svg","contentUrl":"https:\/\/swiss-camps.com\/wp-content\/uploads\/2022\/03\/swiss-camp-logo_red.svg","width":206,"height":46,"caption":"Swiss Camps"},"image":{"@id":"https:\/\/swiss-camps.com\/#\/schema\/logo\/image\/"}}]}},"_links":{"self":[{"href":"https:\/\/swiss-camps.com\/pt\/wp-json\/wp\/v2\/pages\/9037","targetHints":{"allow":["GET"]}}],"collection":[{"href":"https:\/\/swiss-camps.com\/pt\/wp-json\/wp\/v2\/pages"}],"about":[{"href":"https:\/\/swiss-camps.com\/pt\/wp-json\/wp\/v2\/types\/page"}],"author":[{"embeddable":true,"href":"https:\/\/swiss-camps.com\/pt\/wp-json\/wp\/v2\/users\/1"}],"replies":[{"embeddable":true,"href":"https:\/\/swiss-camps.com\/pt\/wp-json\/wp\/v2\/comments?post=9037"}],"version-history":[{"count":28,"href":"https:\/\/swiss-camps.com\/pt\/wp-json\/wp\/v2\/pages\/9037\/revisions"}],"predecessor-version":[{"id":9807,"href":"https:\/\/swiss-camps.com\/pt\/wp-json\/wp\/v2\/pages\/9037\/revisions\/9807"}],"wp:attachment":[{"href":"https:\/\/swiss-camps.com\/pt\/wp-json\/wp\/v2\/media?parent=9037"}],"curies":[{"name":"wp","href":"https:\/\/api.w.org\/{rel}","templated":true}]}}