{"id":9024,"date":"2022-04-08T08:31:07","date_gmt":"2022-04-08T08:31:07","guid":{"rendered":"https:\/\/mam-digital.ch\/sc\/?page_id=9024"},"modified":"2023-06-01T09:45:08","modified_gmt":"2023-06-01T09:45:08","slug":"contact","status":"publish","type":"page","link":"https:\/\/swiss-camps.com\/pt\/contato\/","title":{"rendered":"contato"},"content":{"rendered":"\t\t<div data-elementor-type=\"wp-page\" data-elementor-id=\"9024\" class=\"elementor elementor-9024\" data-elementor-post-type=\"page\">\n\t\t\t\t\t\t<section class=\"elementor-section elementor-top-section elementor-element elementor-element-608e7a37 elementor-section-boxed elementor-section-height-default elementor-section-height-default\" data-id=\"608e7a37\" data-element_type=\"section\" data-e-type=\"section\" data-settings=\"{&quot;background_background&quot;:&quot;classic&quot;,&quot;jet_parallax_layout_list&quot;:[]}\">\n\t\t\t\t\t\t\t<div class=\"elementor-background-overlay\"><\/div>\n\t\t\t\t\t\t\t<div class=\"elementor-container elementor-column-gap-no\">\n\t\t\t\t\t<div class=\"elementor-column elementor-col-100 elementor-top-column elementor-element elementor-element-d051ec1\" data-id=\"d051ec1\" data-element_type=\"column\" data-e-type=\"column\">\n\t\t\t<div class=\"elementor-widget-wrap elementor-element-populated\">\n\t\t\t\t\t\t<div class=\"elementor-element elementor-element-697730e1 elementor-widget elementor-widget-heading\" data-id=\"697730e1\" data-element_type=\"widget\" data-e-type=\"widget\" data-widget_type=\"heading.default\">\n\t\t\t\t<div class=\"elementor-widget-container\">\n\t\t\t\t\t<h1 class=\"elementor-heading-title elementor-size-default\">Contact us<\/h1>\t\t\t\t<\/div>\n\t\t\t\t<\/div>\n\t\t\t\t\t<\/div>\n\t\t<\/div>\n\t\t\t\t\t<\/div>\n\t\t<\/section>\n\t\t\t\t<section class=\"elementor-section elementor-top-section elementor-element elementor-element-2bd9b497 elementor-section-boxed elementor-section-height-default elementor-section-height-default\" data-id=\"2bd9b497\" data-element_type=\"section\" data-e-type=\"section\" data-settings=\"{&quot;jet_parallax_layout_list&quot;:[]}\">\n\t\t\t\t\t\t<div class=\"elementor-container elementor-column-gap-no\">\n\t\t\t\t\t<div class=\"elementor-column elementor-col-50 elementor-top-column elementor-element elementor-element-5919a84\" data-id=\"5919a84\" data-element_type=\"column\" data-e-type=\"column\">\n\t\t\t<div class=\"elementor-widget-wrap elementor-element-populated\">\n\t\t\t\t\t\t<section class=\"elementor-section elementor-inner-section elementor-element elementor-element-377dde88 elementor-section-content-middle elementor-section-boxed elementor-section-height-default elementor-section-height-default\" data-id=\"377dde88\" data-element_type=\"section\" data-e-type=\"section\" data-settings=\"{&quot;jet_parallax_layout_list&quot;:[]}\">\n\t\t\t\t\t\t<div class=\"elementor-container elementor-column-gap-no\">\n\t\t\t\t\t<div class=\"elementor-column elementor-col-50 elementor-inner-column elementor-element elementor-element-be113d\" data-id=\"be113d\" data-element_type=\"column\" data-e-type=\"column\">\n\t\t\t<div class=\"elementor-widget-wrap elementor-element-populated\">\n\t\t\t\t\t\t<div class=\"elementor-element elementor-element-4cac612b elementor-widget-divider--view-line_icon elementor-widget-divider--element-align-right elementor-view-default elementor-widget elementor-widget-divider\" data-id=\"4cac612b\" data-element_type=\"widget\" data-e-type=\"widget\" data-widget_type=\"divider.default\">\n\t\t\t\t<div class=\"elementor-widget-container\">\n\t\t\t\t\t\t\t<div class=\"elementor-divider\">\n\t\t\t<span class=\"elementor-divider-separator\">\n\t\t\t\t\t\t\t<div class=\"elementor-icon elementor-divider__element\">\n\t\t\t\t\t<\/div>\n\t\t\t\t\t\t<\/span>\n\t\t<\/div>\n\t\t\t\t\t\t<\/div>\n\t\t\t\t<\/div>\n\t\t\t\t\t<\/div>\n\t\t<\/div>\n\t\t\t\t<div class=\"elementor-column elementor-col-50 elementor-inner-column elementor-element elementor-element-57bc2166\" data-id=\"57bc2166\" data-element_type=\"column\" data-e-type=\"column\">\n\t\t\t<div class=\"elementor-widget-wrap elementor-element-populated\">\n\t\t\t\t\t\t<div class=\"elementor-element elementor-element-205f2b9e elementor-widget elementor-widget-heading\" data-id=\"205f2b9e\" data-element_type=\"widget\" data-e-type=\"widget\" data-widget_type=\"heading.default\">\n\t\t\t\t<div class=\"elementor-widget-container\">\n\t\t\t\t\t<h6 class=\"elementor-heading-title elementor-size-default\">GET IN TOUCH<\/h6>\t\t\t\t<\/div>\n\t\t\t\t<\/div>\n\t\t\t\t\t<\/div>\n\t\t<\/div>\n\t\t\t\t\t<\/div>\n\t\t<\/section>\n\t\t\t\t<div class=\"elementor-element elementor-element-6350b9f8 elementor-widget elementor-widget-heading\" data-id=\"6350b9f8\" data-element_type=\"widget\" data-e-type=\"widget\" data-widget_type=\"heading.default\">\n\t\t\t\t<div class=\"elementor-widget-container\">\n\t\t\t\t\t<h2 class=\"elementor-heading-title elementor-size-default\">CONTACT US TO GET MORE INFO<\/h2>\t\t\t\t<\/div>\n\t\t\t\t<\/div>\n\t\t\t\t<div class=\"elementor-element elementor-element-072722f elementor-widget elementor-widget-formidable\" data-id=\"072722f\" data-element_type=\"widget\" data-e-type=\"widget\" data-widget_type=\"formidable.default\">\n\t\t\t\t<div class=\"elementor-widget-container\">\n\t\t\t\t\t<div class=\"frm_forms  with_frm_style frm_style_style-formidable\" id=\"frm_form_1_container\" >\n<form enctype=\"multipart\/form-data\" method=\"post\" class=\"frm-show-form  frm_pro_form \" id=\"form_contact-form\" >\n<div class=\"frm_form_fields \">\n<fieldset>\n<legend class=\"frm_screen_reader\">Contact Us<\/legend>\r\n\r\n<div class=\"frm_fields_container\">\n<input type=\"hidden\" name=\"frm_action\" value=\"create\" \/>\n<input type=\"hidden\" name=\"form_id\" value=\"1\" \/>\n<input type=\"hidden\" name=\"frm_hide_fields_1\" id=\"frm_hide_fields_1\" value=\"\" \/>\n<input type=\"hidden\" name=\"form_key\" value=\"contact-form\" \/>\n<input type=\"hidden\" name=\"item_meta[0]\" value=\"\" \/>\n<input type=\"hidden\" id=\"frm_submit_entry_1\" name=\"frm_submit_entry_1\" value=\"52d2b026be\" \/><input type=\"hidden\" name=\"_wp_http_referer\" value=\"\/pt\/wp-json\/wp\/v2\/pages\/9024\" \/><div id=\"frm_field_1_container\" class=\"frm_form_field form-field  frm_required_field frm_top_container frm6 frm_first\">\r\n    <label for=\"field_qh4icy\" id=\"field_qh4icy_label\" class=\"frm_primary_label\">First Name\r\n        <span class=\"frm_required\" aria-hidden=\"true\">*<\/span>\r\n    <\/label>\r\n    <input type=\"text\" id=\"field_qh4icy\" name=\"item_meta[1]\" value=\"\"  data-reqmsg=\"First Name cannot be blank.\" aria-required=\"true\" data-invmsg=\"Name is invalid\" aria-invalid=\"false\"  \/>\r\n    \r\n    \r\n<\/div>\n<div id=\"frm_field_2_container\" class=\"frm_form_field form-field  frm_required_field frm_hidden_container frm6\">\r\n    <label for=\"field_ocfup1\" id=\"field_ocfup1_label\" class=\"frm_primary_label\">Last name\r\n        <span class=\"frm_required\" aria-hidden=\"true\">*<\/span>\r\n    <\/label>\r\n    <input type=\"text\" id=\"field_ocfup1\" name=\"item_meta[2]\" value=\"\"  data-reqmsg=\"Last name cannot be blank.\" aria-required=\"true\" data-invmsg=\"Last is invalid\" aria-invalid=\"false\"  \/>\r\n    \r\n    \r\n<\/div>\n<div id=\"frm_field_3_container\" class=\"frm_form_field form-field  frm_required_field frm_top_container frm_full\">\r\n    <label for=\"field_29yf4d\" id=\"field_29yf4d_label\" class=\"frm_primary_label\">Email\r\n        <span class=\"frm_required\" aria-hidden=\"true\">*<\/span>\r\n    <\/label>\r\n    <input type=\"email\" id=\"field_29yf4d\" name=\"item_meta[3]\" value=\"\"  data-reqmsg=\"Email cannot be blank.\" aria-required=\"true\" data-invmsg=\"Please enter a valid email address\" aria-invalid=\"false\"  \/>\r\n    \r\n    \r\n<\/div>\n<div id=\"frm_field_4_container\" class=\"frm_form_field form-field  frm_required_field frm_top_container frm_full\">\r\n    <label for=\"field_e6lis6\" id=\"field_e6lis6_label\" class=\"frm_primary_label\">Subject\r\n        <span class=\"frm_required\" aria-hidden=\"true\">*<\/span>\r\n    <\/label>\r\n    <input type=\"text\" id=\"field_e6lis6\" name=\"item_meta[4]\" value=\"\"  data-reqmsg=\"Subject cannot be blank.\" aria-required=\"true\" data-invmsg=\"Subject is invalid\" aria-invalid=\"false\"  \/>\r\n    \r\n    \r\n<\/div>\n<div id=\"frm_field_5_container\" class=\"frm_form_field form-field  frm_required_field frm_top_container frm_full\">\r\n    <label for=\"field_9jv0r1\" id=\"field_9jv0r1_label\" class=\"frm_primary_label\">Message\r\n        <span class=\"frm_required\" aria-hidden=\"true\">*<\/span>\r\n    <\/label>\r\n    <textarea name=\"item_meta[5]\" id=\"field_9jv0r1\" rows=\"5\"  data-reqmsg=\"Message cannot be blank.\" aria-required=\"true\" data-invmsg=\"Message is invalid\" aria-invalid=\"false\"  ><\/textarea>\r\n    \r\n    \r\n<\/div>\n<div id=\"frm_field_43_container\" class=\"frm_form_field form-field  frm_none_container\">\n    <label for=\"g-recaptcha-response\" id=\"field_28ufa_label\" class=\"frm_primary_label\">reCAPTCHA\n        <span class=\"frm_required\" aria-hidden=\"true\"><\/span>\n    <\/label>\n    <div  id=\"field_28ufa\" class=\"frm-g-recaptcha\" data-sitekey=\"6LfcfdMqAAAAAAXV-Eu5rJvqkBUc2le6IZESoiYm\" data-size=\"invisible\" data-theme=\"light\"><\/div>\n    \n    \n<\/div>\n<div id=\"frm_field_98_container\" class=\"frm_form_field form-field \">\n\t<div class=\"frm_submit\">\r\n\r\n<button class=\"frm_button_submit frm_final_submit\" type=\"submit\"   formnovalidate=\"formnovalidate\">send<\/button>\r\n\r\n<\/div>\n<\/div>\n\t<input type=\"hidden\" name=\"item_key\" value=\"\" \/>\n\t\t\t<div id=\"frm_field_99_container\">\n\t\t\t<label for=\"field_46fyf\" >\n\t\t\t\tSe voc\u00ea \u00e9 humano, deixe este campo em branco.\t\t\t<\/label>\n\t\t\t<input  id=\"field_46fyf\" type=\"text\" class=\"frm_form_field form-field frm_verify\" name=\"item_meta[99]\" value=\"\"  \/>\n\t\t<\/div>\n\t\t<input name=\"frm_state\" type=\"hidden\" value=\"bP9fql7GBLiAEp09yTcTy+TNf1srVI6R6W7972z0eAJfM42xJvptxIUJY1gyYinr\" \/><\/div>\n<\/fieldset>\n<\/div>\n\n<\/form>\n<\/div>\n\t\t\t\t<\/div>\n\t\t\t\t<\/div>\n\t\t\t\t\t<\/div>\n\t\t<\/div>\n\t\t\t\t<div class=\"elementor-column elementor-col-50 elementor-top-column elementor-element elementor-element-4c7850ba\" data-id=\"4c7850ba\" data-element_type=\"column\" data-e-type=\"column\" data-settings=\"{&quot;background_background&quot;:&quot;classic&quot;}\">\n\t\t\t<div class=\"elementor-widget-wrap elementor-element-populated\">\n\t\t\t\t\t\t<div class=\"elementor-element elementor-element-135dc0d9 elementor-widget elementor-widget-heading\" data-id=\"135dc0d9\" data-element_type=\"widget\" data-e-type=\"widget\" data-widget_type=\"heading.default\">\n\t\t\t\t<div class=\"elementor-widget-container\">\n\t\t\t\t\t<h4 class=\"elementor-heading-title elementor-size-default\">Need help? Feel free to contact one of our offices!<\/h4>\t\t\t\t<\/div>\n\t\t\t\t<\/div>\n\t\t\t\t<div class=\"elementor-element elementor-element-22bef7fc elementor-widget elementor-widget-text-editor\" data-id=\"22bef7fc\" data-element_type=\"widget\" data-e-type=\"widget\" data-widget_type=\"text-editor.default\">\n\t\t\t\t<div class=\"elementor-widget-container\">\n\t\t\t\t\t\t\t\t\t<p><strong>SWISS LEARNING HEAD OFFICE<\/strong><br \/>10 Chemin des Gotettes<br \/>1245 Collonge-Bellerive<br \/>Switzerland<br \/>T: <span style=\"color: #cf212c;\"><a href=\"tel:+41 22 723 20 00\">+41 22 723 20 00<\/a><br \/><a style=\"color: #cf212c;\" href=\"mailto:info@swisslearning.com\">info@swisslearning.com<\/a><\/span><\/p><p><strong>SWISS LEARNING JAPAN<\/strong><br \/>Tokyo<br \/>T: <span style=\"color: #ff0000;\">+81 90 5425 5309<\/span><br \/><span style=\"color: #cf212c;\"><a style=\"color: #cf212c;\" href=\"mailto:japan@swisslearning.com\">japan@swisslearning.com<\/a><\/span><\/p><p><strong>SWISS LEARNING CHINA<\/strong><br \/>A 2210 No. 319 XianXia Road<br \/>Far East International Plaza<br \/>Shanghai 200051 PRC<br \/>Tel. +8621- 62351889-2 | Cell\/WeChat +86- 13816102290<br \/><span style=\"color: #cf212c;\"><a style=\"color: #cf212c;\" href=\"mailto:china@swisslearning.com\">china@swisslearning.com<\/a><\/span><\/p><p><strong>SWISS LEARNING SINGAPORE<\/strong><br \/>T: +65 9752 2429<br \/><span style=\"color: #cf212c;\"><a style=\"color: #cf212c;\" href=\"mailto:stephanie@swisslearning.com\">stephanie@swisslearning.com<\/a><\/span><\/p><p><strong>SWISS LEARNING RUSSIA, CENTRAL ASIA, CAUCASUS<\/strong><br \/><span style=\"color: #cf212c;\">anna<a style=\"color: #cf212c;\" href=\"mailto:moscow@swisslearning.com\">@swisslearning.com<\/a><\/span><\/p><p><strong>SWISS LEARNING USA, COLOMBIA &amp; PERU<\/strong><br \/>Bogot\u00e1 D.C- Colombia<br \/>T: +57 315 8756838<br \/><span style=\"color: #cf212c;\"><a style=\"color: #cf212c;\" href=\"mailto:natalia@swisslearning.com\">natalia@swisslearning.com<\/a><\/span><\/p><p><strong>SWISS LEARNING MEXICO<\/strong><br \/>11590 Mexico City<br \/>T: tel:+525541440562<br \/><span style=\"color: #cf212c;\"><a style=\"color: #cf212c;\" href=\"mailto:mexico@swisslearning.com\">mexico@swisslearning.com<\/a><\/span><\/p><p><strong>SWISS LEARNING BRAZIL<\/strong><br \/>T: +55 11 99 782 6599<br \/><span style=\"color: #cf212c;\"><a style=\"color: #cf212c;\" href=\"mailto:brazil@swisslearning.com\">brazil@swisslearning.com<\/a><\/span><\/p>\t\t\t\t\t\t\t\t<\/div>\n\t\t\t\t<\/div>\n\t\t\t\t<div class=\"elementor-element elementor-element-2da23292 elementor-widget elementor-widget-heading\" data-id=\"2da23292\" data-element_type=\"widget\" data-e-type=\"widget\" data-widget_type=\"heading.default\">\n\t\t\t\t<div class=\"elementor-widget-container\">\n\t\t\t\t\t<h4 class=\"elementor-heading-title elementor-size-default\">Follow us on social media...<\/h4>\t\t\t\t<\/div>\n\t\t\t\t<\/div>\n\t\t\t\t<div class=\"elementor-element elementor-element-40b25afd e-grid-align-left elementor-shape-rounded elementor-grid-0 elementor-widget elementor-widget-social-icons\" data-id=\"40b25afd\" data-element_type=\"widget\" data-e-type=\"widget\" data-widget_type=\"social-icons.default\">\n\t\t\t\t<div class=\"elementor-widget-container\">\n\t\t\t\t\t\t\t<div class=\"elementor-social-icons-wrapper elementor-grid\" role=\"list\">\n\t\t\t\t\t\t\t<span class=\"elementor-grid-item\" role=\"listitem\">\n\t\t\t\t\t<a class=\"elementor-icon elementor-social-icon elementor-social-icon-facebook elementor-repeater-item-4243a9f\" href=\"https:\/\/www.facebook.com\/swisslearning\" target=\"_blank\">\n\t\t\t\t\t\t<span class=\"elementor-screen-only\">Facebook<\/span>\n\t\t\t\t\t\t<i aria-hidden=\"true\" class=\"fab fa-facebook\"><\/i>\t\t\t\t\t<\/a>\n\t\t\t\t<\/span>\n\t\t\t\t\t\t\t<span class=\"elementor-grid-item\" role=\"listitem\">\n\t\t\t\t\t<a class=\"elementor-icon elementor-social-icon elementor-social-icon-youtube elementor-repeater-item-c16fe79\" href=\"https:\/\/www.youtube.com\/channel\/UCe9GhBTAZ5Q94Bu1Cn-g4gQ\" target=\"_blank\">\n\t\t\t\t\t\t<span class=\"elementor-screen-only\">Youtube<\/span>\n\t\t\t\t\t\t<i aria-hidden=\"true\" class=\"fab fa-youtube\"><\/i>\t\t\t\t\t<\/a>\n\t\t\t\t<\/span>\n\t\t\t\t\t\t\t<span class=\"elementor-grid-item\" role=\"listitem\">\n\t\t\t\t\t<a class=\"elementor-icon elementor-social-icon elementor-social-icon-instagram elementor-repeater-item-660e389\" href=\"https:\/\/www.instagram.com\/swisslearning\/\" target=\"_blank\">\n\t\t\t\t\t\t<span class=\"elementor-screen-only\">Instagram<\/span>\n\t\t\t\t\t\t<i aria-hidden=\"true\" class=\"fab fa-instagram\"><\/i>\t\t\t\t\t<\/a>\n\t\t\t\t<\/span>\n\t\t\t\t\t<\/div>\n\t\t\t\t\t\t<\/div>\n\t\t\t\t<\/div>\n\t\t\t\t\t<\/div>\n\t\t<\/div>\n\t\t\t\t\t<\/div>\n\t\t<\/section>\n\t\t\t\t<\/div>\n\t\t","protected":false},"excerpt":{"rendered":"<p>Contact us GET IN TOUCH CONTACT US TO GET MORE INFO Contact Us First Name * Last name * Email * Subject * Message * reCAPTCHA If you are human, leave this field blank. send Need help? Feel free to contact one of our offices! SWISS LEARNING HEAD OFFICE10 Chemin des Gotettes1245 Collonge-BelleriveSwitzerlandT: +41 22 [&hellip;]<\/p>\n","protected":false},"author":1,"featured_media":0,"parent":0,"menu_order":0,"comment_status":"closed","ping_status":"closed","template":"","meta":{"_jet_sm_ready_style":"","_jet_sm_style":"","_jet_sm_controls_values":"","_jet_sm_fonts_collection":"","_jet_sm_fonts_links":"","footnotes":""},"class_list":["post-9024","page","type-page","status-publish","hentry"],"yoast_head":"<!-- This site is optimized with the Yoast SEO plugin v27.3 - https:\/\/yoast.com\/product\/yoast-seo-wordpress\/ -->\n<title>contact - Swiss Camps<\/title>\n<meta name=\"robots\" content=\"index, follow, max-snippet:-1, max-image-preview:large, max-video-preview:-1\" \/>\n<link rel=\"canonical\" href=\"https:\/\/swiss-camps.com\/pt\/contato\/\" \/>\n<meta property=\"og:locale\" content=\"pt_BR\" \/>\n<meta property=\"og:type\" content=\"article\" \/>\n<meta property=\"og:title\" content=\"contact - Swiss Camps\" \/>\n<meta property=\"og:description\" content=\"Contact us GET IN TOUCH CONTACT US TO GET MORE INFO Contact Us First Name * Last name * Email * Subject * Message * reCAPTCHA If you are human, leave this field blank. send Need help? Feel free to contact one of our offices! SWISS LEARNING HEAD OFFICE10 Chemin des Gotettes1245 Collonge-BelleriveSwitzerlandT: +41 22 [&hellip;]\" \/>\n<meta property=\"og:url\" content=\"https:\/\/swiss-camps.com\/pt\/contato\/\" \/>\n<meta property=\"og:site_name\" content=\"Swiss Camps\" \/>\n<meta property=\"article:modified_time\" content=\"2023-06-01T09:45:08+00:00\" \/>\n<meta name=\"twitter:card\" content=\"summary_large_image\" \/>\n<meta name=\"twitter:label1\" content=\"Est. tempo de leitura\" \/>\n\t<meta name=\"twitter:data1\" content=\"1 minuto\" \/>\n<script type=\"application\/ld+json\" class=\"yoast-schema-graph\">{\"@context\":\"https:\\\/\\\/schema.org\",\"@graph\":[{\"@type\":\"WebPage\",\"@id\":\"https:\\\/\\\/swiss-camps.com\\\/contact\\\/\",\"url\":\"https:\\\/\\\/swiss-camps.com\\\/contact\\\/\",\"name\":\"contact - Swiss Camps\",\"isPartOf\":{\"@id\":\"https:\\\/\\\/swiss-camps.com\\\/#website\"},\"datePublished\":\"2022-04-08T08:31:07+00:00\",\"dateModified\":\"2023-06-01T09:45:08+00:00\",\"breadcrumb\":{\"@id\":\"https:\\\/\\\/swiss-camps.com\\\/contact\\\/#breadcrumb\"},\"inLanguage\":\"pt-BR\",\"potentialAction\":[{\"@type\":\"ReadAction\",\"target\":[\"https:\\\/\\\/swiss-camps.com\\\/contact\\\/\"]}]},{\"@type\":\"BreadcrumbList\",\"@id\":\"https:\\\/\\\/swiss-camps.com\\\/contact\\\/#breadcrumb\",\"itemListElement\":[{\"@type\":\"ListItem\",\"position\":1,\"name\":\"Accueil\",\"item\":\"https:\\\/\\\/swiss-camps.com\\\/\"},{\"@type\":\"ListItem\",\"position\":2,\"name\":\"contact\"}]},{\"@type\":\"WebSite\",\"@id\":\"https:\\\/\\\/swiss-camps.com\\\/#website\",\"url\":\"https:\\\/\\\/swiss-camps.com\\\/\",\"name\":\"Swiss Camps\",\"description\":\"Camps in Switzerland\",\"publisher\":{\"@id\":\"https:\\\/\\\/swiss-camps.com\\\/#organization\"},\"potentialAction\":[{\"@type\":\"SearchAction\",\"target\":{\"@type\":\"EntryPoint\",\"urlTemplate\":\"https:\\\/\\\/swiss-camps.com\\\/?s={search_term_string}\"},\"query-input\":{\"@type\":\"PropertyValueSpecification\",\"valueRequired\":true,\"valueName\":\"search_term_string\"}}],\"inLanguage\":\"pt-BR\"},{\"@type\":\"Organization\",\"@id\":\"https:\\\/\\\/swiss-camps.com\\\/#organization\",\"name\":\"Swiss Camps\",\"url\":\"https:\\\/\\\/swiss-camps.com\\\/\",\"logo\":{\"@type\":\"ImageObject\",\"inLanguage\":\"pt-BR\",\"@id\":\"https:\\\/\\\/swiss-camps.com\\\/#\\\/schema\\\/logo\\\/image\\\/\",\"url\":\"https:\\\/\\\/swiss-camps.com\\\/wp-content\\\/uploads\\\/2022\\\/03\\\/swiss-camp-logo_red.svg\",\"contentUrl\":\"https:\\\/\\\/swiss-camps.com\\\/wp-content\\\/uploads\\\/2022\\\/03\\\/swiss-camp-logo_red.svg\",\"width\":206,\"height\":46,\"caption\":\"Swiss Camps\"},\"image\":{\"@id\":\"https:\\\/\\\/swiss-camps.com\\\/#\\\/schema\\\/logo\\\/image\\\/\"}}]}<\/script>\n<!-- \/ Yoast SEO plugin. -->","yoast_head_json":{"title":"contato - Swiss Camps","robots":{"index":"index","follow":"follow","max-snippet":"max-snippet:-1","max-image-preview":"max-image-preview:large","max-video-preview":"max-video-preview:-1"},"canonical":"https:\/\/swiss-camps.com\/pt\/contato\/","og_locale":"pt_BR","og_type":"article","og_title":"contact - Swiss Camps","og_description":"Contact us GET IN TOUCH CONTACT US TO GET MORE INFO Contact Us First Name * Last name * Email * Subject * Message * reCAPTCHA If you are human, leave this field blank. send Need help? Feel free to contact one of our offices! SWISS LEARNING HEAD OFFICE10 Chemin des Gotettes1245 Collonge-BelleriveSwitzerlandT: +41 22 [&hellip;]","og_url":"https:\/\/swiss-camps.com\/pt\/contato\/","og_site_name":"Swiss Camps","article_modified_time":"2023-06-01T09:45:08+00:00","twitter_card":"summary_large_image","twitter_misc":{"Est. tempo de leitura":"1 minuto"},"schema":{"@context":"https:\/\/schema.org","@graph":[{"@type":"WebPage","@id":"https:\/\/swiss-camps.com\/contact\/","url":"https:\/\/swiss-camps.com\/contact\/","name":"contato - Swiss Camps","isPartOf":{"@id":"https:\/\/swiss-camps.com\/#website"},"datePublished":"2022-04-08T08:31:07+00:00","dateModified":"2023-06-01T09:45:08+00:00","breadcrumb":{"@id":"https:\/\/swiss-camps.com\/contact\/#breadcrumb"},"inLanguage":"pt-BR","potentialAction":[{"@type":"ReadAction","target":["https:\/\/swiss-camps.com\/contact\/"]}]},{"@type":"BreadcrumbList","@id":"https:\/\/swiss-camps.com\/contact\/#breadcrumb","itemListElement":[{"@type":"ListItem","position":1,"name":"Accueil","item":"https:\/\/swiss-camps.com\/"},{"@type":"ListItem","position":2,"name":"contact"}]},{"@type":"WebSite","@id":"https:\/\/swiss-camps.com\/#website","url":"https:\/\/swiss-camps.com\/","name":"Acampamentos su\u00ed\u00e7os","description":"Acampamentos na Su\u00ed\u00e7a","publisher":{"@id":"https:\/\/swiss-camps.com\/#organization"},"potentialAction":[{"@type":"SearchAction","target":{"@type":"EntryPoint","urlTemplate":"https:\/\/swiss-camps.com\/?s={search_term_string}"},"query-input":{"@type":"PropertyValueSpecification","valueRequired":true,"valueName":"search_term_string"}}],"inLanguage":"pt-BR"},{"@type":"Organization","@id":"https:\/\/swiss-camps.com\/#organization","name":"Acampamentos su\u00ed\u00e7os","url":"https:\/\/swiss-camps.com\/","logo":{"@type":"ImageObject","inLanguage":"pt-BR","@id":"https:\/\/swiss-camps.com\/#\/schema\/logo\/image\/","url":"https:\/\/swiss-camps.com\/wp-content\/uploads\/2022\/03\/swiss-camp-logo_red.svg","contentUrl":"https:\/\/swiss-camps.com\/wp-content\/uploads\/2022\/03\/swiss-camp-logo_red.svg","width":206,"height":46,"caption":"Swiss Camps"},"image":{"@id":"https:\/\/swiss-camps.com\/#\/schema\/logo\/image\/"}}]}},"_links":{"self":[{"href":"https:\/\/swiss-camps.com\/pt\/wp-json\/wp\/v2\/pages\/9024","targetHints":{"allow":["GET"]}}],"collection":[{"href":"https:\/\/swiss-camps.com\/pt\/wp-json\/wp\/v2\/pages"}],"about":[{"href":"https:\/\/swiss-camps.com\/pt\/wp-json\/wp\/v2\/types\/page"}],"author":[{"embeddable":true,"href":"https:\/\/swiss-camps.com\/pt\/wp-json\/wp\/v2\/users\/1"}],"replies":[{"embeddable":true,"href":"https:\/\/swiss-camps.com\/pt\/wp-json\/wp\/v2\/comments?post=9024"}],"version-history":[{"count":85,"href":"https:\/\/swiss-camps.com\/pt\/wp-json\/wp\/v2\/pages\/9024\/revisions"}],"predecessor-version":[{"id":9893,"href":"https:\/\/swiss-camps.com\/pt\/wp-json\/wp\/v2\/pages\/9024\/revisions\/9893"}],"wp:attachment":[{"href":"https:\/\/swiss-camps.com\/pt\/wp-json\/wp\/v2\/media?parent=9024"}],"curies":[{"name":"wp","href":"https:\/\/api.w.org\/{rel}","templated":true}]}}